{"id":304,"date":"2021-09-22T13:34:27","date_gmt":"2021-09-22T13:34:27","guid":{"rendered":"https:\/\/www.nordicpharma.com\/partnership\/"},"modified":"2024-08-28T08:38:39","modified_gmt":"2024-08-28T08:38:39","slug":"partenariat","status":"publish","type":"page","link":"https:\/\/www.nordicpharma.be\/fr\/partenariat\/","title":{"rendered":"Partenariat"},"content":{"rendered":"[spb_row element_name=&#8221;Row&#8221; wrap_type=&#8221;full-width-contained&#8221; row_bg_type=&#8221;image&#8221; color_row_height=&#8221;content-height&#8221; row_style=&#8221;light&#8221; bg_image=&#8221;72&#8243; bg_type=&#8221;pattern&#8221; parallax_image_height=&#8221;content-height&#8221; parallax_image_movement=&#8221;stellar&#8221; parallax_image_speed=&#8221;standard&#8221; bg_video_loop=&#8221;yes&#8221; parallax_video_height=&#8221;window-height&#8221; row_top_style=&#8221;none&#8221; row_bottom_style=&#8221;none&#8221; parallax_video_overlay=&#8221;none&#8221; row_overlay_opacity=&#8221;0&#8243; remove_element_spacing=&#8221;no&#8221; row_col_spacing=&#8221;0&#8243; row_col_pos=&#8221;default&#8221; row_col_equal_heights=&#8221;no&#8221; row_expanding=&#8221;no&#8221; row_animation=&#8221;none&#8221; row_animation_delay=&#8221;0&#8243; minimize_row=&#8221;no&#8221; simplified_controls=&#8221;yes&#8221; custom_css_percentage=&#8221;no&#8221; custom_css=&#8221;margin-top: 0px;margin-bottom: 0px;&#8221; border_styling_global=&#8221;default&#8221; el_class=&#8221;top-page&#8221; width=&#8221;1\/1&#8243; el_position=&#8221;first last&#8221;] [spb_text_block title=&#8221;Partenariat&#8221; animation=&#8221;none&#8221; animation_delay=&#8221;0&#8243; simplified_controls=&#8221;yes&#8221; custom_css_percentage=&#8221;no&#8221; padding_vertical=&#8221;0&#8243; padding_horizontal=&#8221;0&#8243; margin_vertical=&#8221;0&#8243; custom_css=&#8221;margin-top: 0px;margin-bottom: 0px;&#8221; border_size=&#8221;0&#8243; border_styling_global=&#8221;default&#8221; el_class=&#8221;page-title-container&#8221; width=&#8221;1\/1&#8243; el_position=&#8221;first last&#8221;]\n<p>Partenariat<\/p>\n[\/spb_text_block] [\/spb_row] [spb_row element_name=&#8221;Row&#8221; wrap_type=&#8221;standard-width&#8221; row_bg_type=&#8221;color&#8221; color_row_height=&#8221;content-height&#8221; bg_type=&#8221;cover&#8221; parallax_image_height=&#8221;content-height&#8221; parallax_image_movement=&#8221;fixed&#8221; parallax_image_speed=&#8221;standard&#8221; bg_video_loop=&#8221;yes&#8221; parallax_video_height=&#8221;window-height&#8221; row_top_style=&#8221;none&#8221; row_bottom_style=&#8221;none&#8221; parallax_video_overlay=&#8221;none&#8221; row_overlay_opacity=&#8221;0&#8243; remove_element_spacing=&#8221;no&#8221; row_col_spacing=&#8221;0&#8243; row_col_pos=&#8221;default&#8221; row_col_equal_heights=&#8221;no&#8221; row_expanding=&#8221;no&#8221; row_animation=&#8221;none&#8221; row_animation_delay=&#8221;0&#8243; minimize_row=&#8221;no&#8221; simplified_controls=&#8221;no&#8221; custom_css_percentage=&#8221;no&#8221; custom_css=&#8221;margin-top: 0px;margin-bottom: 0px;padding-top: 100px;&#8221; border_styling_global=&#8221;default&#8221; el_class=&#8221;container-center&#8221; width=&#8221;1\/1&#8243; el_position=&#8221;first last&#8221;] [spb_text_block animation=&#8221;none&#8221; animation_delay=&#8221;0&#8243; simplified_controls=&#8221;yes&#8221; custom_css_percentage=&#8221;no&#8221; padding_vertical=&#8221;0&#8243; padding_horizontal=&#8221;0&#8243; margin_vertical=&#8221;0&#8243; custom_css=&#8221;margin-top: 0px;margin-bottom: 0px;&#8221; border_size=&#8221;0&#8243; border_styling_global=&#8221;default&#8221; el_class=&#8221;page-content&#8221; width=&#8221;1\/1&#8243; el_position=&#8221;first last&#8221;]\n<p class=\"page-desc\"><a href=\"https:\/\/www.nordicpharma.com\/\" target=\"_blank\" rel=\"noopener\">NORDIC GROUP<\/a> dispose d\u2019une structure de Recherche et D\u00e9veloppement qui lui permet de d\u00e9velopper ses propres produits qui seront par la suite enregistr\u00e9s et commercialis\u00e9s en Europe par ses diff\u00e9rentes filiales.<br \/>\nToutefois, NORDIC GROUP a toujours largement privil\u00e9gi\u00e9 une politique de partenariat pour compl\u00e9ter ses propres projets internes de d\u00e9veloppement.<\/p>\n<p class=\"page-desc\">Ainsi, nous sommes toujours \u00e0 l\u2019\u00e9coute d\u2019entreprises ayant les m\u00eames crit\u00e8res de qualit\u00e9 que nous, d\u00e9sireuses d\u2019\u00e9tablir une collaboration dans le cadre du d\u00e9veloppement ou de la commercialisation d\u2019un nouveau produit.<\/p>\n<p class=\"page-desc\">Nordic Pharma Belgique offre aujourd\u2019hui la possibilit\u00e9 \u00e0 des entreprises d\u2019enregistrer puis de commercialiser des produits innovants dans nos domaines th\u00e9rapeutiques de pr\u00e9dilection.<\/p>\n<p class=\"page-desc\">Nos partenaires appr\u00e9cient notre exp\u00e9rience tant dans le domaine de l\u2019acc\u00e8s au march\u00e9 que dans le choix et l\u2019impl\u00e9mentation de la meilleure strat\u00e9gie commerciale.<\/p>\n<p class=\"page-desc\">Si vous souhaitez nous faire part d\u2019un projet pour lequel vous recherchez un partenaire fiable, contactez-nous par e-mail:<\/p>\n<ul>\n<li>Pour les projets concernant la Belgique : <a href=\"mailto:info-be@nordicpharma.com\">info-be@nordicpharma.com<\/a><\/li>\n<li>Pour tous les projets mondiaux : <a href=\"mailto:business.development@nordicpharma.com\">business.development@nordicpharma.com<\/a><\/li>\n<\/ul>\n[\/spb_text_block] [\/spb_row] [spb_row element_name=&#8221;Row&#8221; wrap_type=&#8221;full-width-contained&#8221; row_bg_type=&#8221;image&#8221; color_row_height=&#8221;content-height&#8221; bg_image=&#8221;78&#8243; bg_type=&#8221;cover&#8221; parallax_image_height=&#8221;content-height&#8221; parallax_image_movement=&#8221;fixed&#8221; parallax_image_speed=&#8221;standard&#8221; bg_video_loop=&#8221;yes&#8221; parallax_video_height=&#8221;window-height&#8221; row_top_style=&#8221;none&#8221; row_bottom_style=&#8221;none&#8221; parallax_video_overlay=&#8221;none&#8221; row_overlay_opacity=&#8221;0&#8243; remove_element_spacing=&#8221;no&#8221; row_col_spacing=&#8221;0&#8243; row_col_pos=&#8221;center&#8221; row_col_content_pos=&#8221;center&#8221; row_col_equal_heights=&#8221;no&#8221; row_expanding=&#8221;no&#8221; row_animation=&#8221;none&#8221; row_animation_delay=&#8221;0&#8243; minimize_row=&#8221;no&#8221; simplified_controls=&#8221;yes&#8221; custom_css_percentage=&#8221;no&#8221; custom_css=&#8221;margin-top: 0px;margin-bottom: 0px;&#8221; border_styling_global=&#8221;default&#8221; el_class=&#8221;cta-container&#8221; width=&#8221;1\/1&#8243; el_position=&#8221;first last&#8221;] [spb_text_block animation=&#8221;none&#8221; animation_delay=&#8221;0&#8243; simplified_controls=&#8221;yes&#8221; custom_css_percentage=&#8221;no&#8221; padding_vertical=&#8221;0&#8243; padding_horizontal=&#8221;0&#8243; margin_vertical=&#8221;0&#8243; custom_css=&#8221;margin-top: 0px;margin-bottom: 0px;&#8221; border_size=&#8221;0&#8243; border_styling_global=&#8221;default&#8221; el_class=&#8221;cta-title&#8221; width=&#8221;1\/1&#8243; el_position=&#8221;first last&#8221;]\n<p>Contact<\/p>\n[\/spb_text_block] [spb_button button_text=&#8221;En savoir plus&#8221; button_size=&#8221;standard&#8221; button_colour=&#8221;accent&#8221; button_type=&#8221;standard&#8221; rounded=&#8221;no&#8221; button_dropshadow=&#8221;no&#8221; button_link=&#8221;\/fr\/contact\/&#8221; button_target=&#8221;_self&#8221; align=&#8221;left&#8221; animation=&#8221;none&#8221; animation_delay=&#8221;0&#8243; el_class=&#8221;btnAbout&#8221; width=&#8221;1\/1&#8243; el_position=&#8221;first last&#8221;] [\/spb_row]\n","protected":false},"excerpt":{"rendered":"<p>[spb_row element_name=&#8221;Row&#8221; wrap_type=&#8221;full-width-contained&#8221; row_bg_type=&#8221;image&#8221; color_row_height=&#8221;content-height&#8221; row_style=&#8221;light&#8221; bg_image=&#8221;72&#8243; bg_type=&#8221;pattern&#8221; parallax_image_height=&#8221;content-height&#8221; parallax_image_movement=&#8221;stellar&#8221; parallax_image_speed=&#8221;standard&#8221; bg_video_loop=&#8221;yes&#8221; parallax_video_height=&#8221;window-height&#8221; row_top_style=&#8221;none&#8221; row_bottom_style=&#8221;none&#8221; parallax_video_overlay=&#8221;none&#8221; row_overlay_opacity=&#8221;0&#8243; remove_element_spacing=&#8221;no&#8221; row_col_spacing=&#8221;0&#8243; row_col_pos=&#8221;default&#8221; row_col_equal_heights=&#8221;no&#8221; row_expanding=&#8221;no&#8221; row_animation=&#8221;none&#8221; row_animation_delay=&#8221;0&#8243; minimize_row=&#8221;no&#8221; simplified_controls=&#8221;yes&#8221; custom_css_percentage=&#8221;no&#8221; custom_css=&#8221;margin-top: 0px;margin-bottom: 0px;&#8221; border_styling_global=&#8221;default&#8221; el_class=&#8221;top-page&#8221; width=&#8221;1\/1&#8243; el_position=&#8221;first last&#8221;] [spb_text_block title=&#8221;Partenariat&#8221; animation=&#8221;none&#8221; animation_delay=&#8221;0&#8243; simplified_controls=&#8221;yes&#8221; custom_css_percentage=&#8221;no&#8221; padding_vertical=&#8221;0&#8243; padding_horizontal=&#8221;0&#8243; margin_vertical=&#8221;0&#8243; custom_css=&#8221;margin-top: 0px;margin-bottom: 0px;&#8221; border_size=&#8221;0&#8243; border_styling_global=&#8221;default&#8221; el_class=&#8221;page-title-container&#8221; width=&#8221;1\/1&#8243; el_position=&#8221;first last&#8221;] Partenariat [\/spb_text_block] [\/spb_row] [spb_row element_name=&#8221;Row&#8221; wrap_type=&#8221;standard-width&#8221; row_bg_type=&#8221;color&#8221; [&hellip;]<\/p>\n","protected":false},"author":2,"featured_media":0,"parent":0,"menu_order":0,"comment_status":"closed","ping_status":"closed","template":"","meta":{"_acf_changed":false,"footnotes":""},"class_list":["post-304","page","type-page","status-publish","hentry"],"acf":[],"yoast_head":"<!-- This site is optimized with the Yoast SEO plugin v27.5 - https:\/\/yoast.com\/product\/yoast-seo-wordpress\/ -->\n<title>Partenariat - Nordic Pharma Belgique<\/title>\n<meta name=\"description\" content=\"Nordic Pharma est fi\u00e8re de s\u2019associer \u00e0 d\u2019autres entreprises partenaires qui partagent notre vision de la mise sur le march\u00e9 de produits nouveaux.\" \/>\n<meta name=\"robots\" content=\"index, follow, max-snippet:-1, max-image-preview:large, max-video-preview:-1\" \/>\n<link rel=\"canonical\" href=\"https:\/\/www.nordicpharma.be\/fr\/partenariat\/\" \/>\n<meta property=\"og:locale\" content=\"fr_FR\" \/>\n<meta property=\"og:type\" content=\"article\" \/>\n<meta property=\"og:title\" content=\"Partenariat - Nordic Pharma Belgique\" \/>\n<meta property=\"og:description\" content=\"Nordic Pharma est fi\u00e8re de s\u2019associer \u00e0 d\u2019autres entreprises partenaires qui partagent notre vision de la mise sur le march\u00e9 de produits nouveaux.\" \/>\n<meta property=\"og:url\" content=\"https:\/\/www.nordicpharma.be\/fr\/partenariat\/\" \/>\n<meta property=\"og:site_name\" content=\"Nordic Pharma Belgique\" \/>\n<meta property=\"article:modified_time\" content=\"2024-08-28T08:38:39+00:00\" \/>\n<meta property=\"og:image\" content=\"https:\/\/www.nordicpharma.be\/wp-content\/uploads\/sites\/20\/2021\/09\/nordic-pharma-france-header-nos-partenariats-scaled.jpg\" \/>\n\t<meta property=\"og:image:width\" content=\"2560\" \/>\n\t<meta property=\"og:image:height\" content=\"1097\" \/>\n\t<meta property=\"og:image:type\" content=\"image\/jpeg\" \/>\n<meta name=\"twitter:card\" content=\"summary_large_image\" \/>\n<meta name=\"twitter:image\" content=\"https:\/\/www.nordicpharma.be\/wp-content\/uploads\/sites\/20\/2021\/09\/nordic-pharma-france-header-nos-partenariats-scaled.jpg\" \/>\n<meta name=\"twitter:label1\" content=\"Dur\u00e9e de lecture estim\u00e9e\" \/>\n\t<meta name=\"twitter:data1\" content=\"2 minutes\" \/>\n<script type=\"application\/ld+json\" class=\"yoast-schema-graph\">{\"@context\":\"https:\\\/\\\/schema.org\",\"@graph\":[{\"@type\":\"WebPage\",\"@id\":\"https:\\\/\\\/www.nordicpharma.be\\\/fr\\\/partenariat\\\/\",\"url\":\"https:\\\/\\\/www.nordicpharma.be\\\/fr\\\/partenariat\\\/\",\"name\":\"Partenariat - Nordic Pharma Belgique\",\"isPartOf\":{\"@id\":\"https:\\\/\\\/www.nordicpharma.be\\\/#website\"},\"datePublished\":\"2021-09-22T13:34:27+00:00\",\"dateModified\":\"2024-08-28T08:38:39+00:00\",\"description\":\"Nordic Pharma est fi\u00e8re de s\u2019associer \u00e0 d\u2019autres entreprises partenaires qui partagent notre vision de la mise sur le march\u00e9 de produits nouveaux.\",\"breadcrumb\":{\"@id\":\"https:\\\/\\\/www.nordicpharma.be\\\/fr\\\/partenariat\\\/#breadcrumb\"},\"inLanguage\":\"fr-FR\",\"potentialAction\":[{\"@type\":\"ReadAction\",\"target\":[\"https:\\\/\\\/www.nordicpharma.be\\\/fr\\\/partenariat\\\/\"]}]},{\"@type\":\"BreadcrumbList\",\"@id\":\"https:\\\/\\\/www.nordicpharma.be\\\/fr\\\/partenariat\\\/#breadcrumb\",\"itemListElement\":[{\"@type\":\"ListItem\",\"position\":1,\"name\":\"Home\",\"item\":\"https:\\\/\\\/www.nordicpharma.be\\\/fr\\\/\"},{\"@type\":\"ListItem\",\"position\":2,\"name\":\"Partenariat\"}]},{\"@type\":\"WebSite\",\"@id\":\"https:\\\/\\\/www.nordicpharma.be\\\/#website\",\"url\":\"https:\\\/\\\/www.nordicpharma.be\\\/\",\"name\":\"Nordic Pharma Belgique\",\"description\":\"Just another Nordic Pharma Sites site\",\"publisher\":{\"@id\":\"https:\\\/\\\/www.nordicpharma.be\\\/#organization\"},\"potentialAction\":[{\"@type\":\"SearchAction\",\"target\":{\"@type\":\"EntryPoint\",\"urlTemplate\":\"https:\\\/\\\/www.nordicpharma.be\\\/?s={search_term_string}\"},\"query-input\":{\"@type\":\"PropertyValueSpecification\",\"valueRequired\":true,\"valueName\":\"search_term_string\"}}],\"inLanguage\":\"fr-FR\"},{\"@type\":\"Organization\",\"@id\":\"https:\\\/\\\/www.nordicpharma.be\\\/#organization\",\"name\":\"Nordic Pharma Belgique\",\"url\":\"https:\\\/\\\/www.nordicpharma.be\\\/\",\"logo\":{\"@type\":\"ImageObject\",\"inLanguage\":\"fr-FR\",\"@id\":\"https:\\\/\\\/www.nordicpharma.be\\\/#\\\/schema\\\/logo\\\/image\\\/\",\"url\":\"https:\\\/\\\/www.nordicpharma.be\\\/wp-content\\\/uploads\\\/sites\\\/20\\\/2021\\\/09\\\/light-pharma-1024x289-2.png\",\"contentUrl\":\"https:\\\/\\\/www.nordicpharma.be\\\/wp-content\\\/uploads\\\/sites\\\/20\\\/2021\\\/09\\\/light-pharma-1024x289-2.png\",\"width\":1024,\"height\":289,\"caption\":\"Nordic Pharma Belgique\"},\"image\":{\"@id\":\"https:\\\/\\\/www.nordicpharma.be\\\/#\\\/schema\\\/logo\\\/image\\\/\"}}]}<\/script>\n<!-- \/ Yoast SEO plugin. -->","yoast_head_json":{"title":"Partenariat - Nordic Pharma Belgique","description":"Nordic Pharma est fi\u00e8re de s\u2019associer \u00e0 d\u2019autres entreprises partenaires qui partagent notre vision de la mise sur le march\u00e9 de produits nouveaux.","robots":{"index":"index","follow":"follow","max-snippet":"max-snippet:-1","max-image-preview":"max-image-preview:large","max-video-preview":"max-video-preview:-1"},"canonical":"https:\/\/www.nordicpharma.be\/fr\/partenariat\/","og_locale":"fr_FR","og_type":"article","og_title":"Partenariat - Nordic Pharma Belgique","og_description":"Nordic Pharma est fi\u00e8re de s\u2019associer \u00e0 d\u2019autres entreprises partenaires qui partagent notre vision de la mise sur le march\u00e9 de produits nouveaux.","og_url":"https:\/\/www.nordicpharma.be\/fr\/partenariat\/","og_site_name":"Nordic Pharma Belgique","article_modified_time":"2024-08-28T08:38:39+00:00","og_image":[{"width":2560,"height":1097,"url":"https:\/\/www.nordicpharma.be\/wp-content\/uploads\/sites\/20\/2021\/09\/nordic-pharma-france-header-nos-partenariats-scaled.jpg","type":"image\/jpeg"}],"twitter_card":"summary_large_image","twitter_image":"https:\/\/www.nordicpharma.be\/wp-content\/uploads\/sites\/20\/2021\/09\/nordic-pharma-france-header-nos-partenariats-scaled.jpg","twitter_misc":{"Dur\u00e9e de lecture estim\u00e9e":"2 minutes"},"schema":{"@context":"https:\/\/schema.org","@graph":[{"@type":"WebPage","@id":"https:\/\/www.nordicpharma.be\/fr\/partenariat\/","url":"https:\/\/www.nordicpharma.be\/fr\/partenariat\/","name":"Partenariat - Nordic Pharma Belgique","isPartOf":{"@id":"https:\/\/www.nordicpharma.be\/#website"},"datePublished":"2021-09-22T13:34:27+00:00","dateModified":"2024-08-28T08:38:39+00:00","description":"Nordic Pharma est fi\u00e8re de s\u2019associer \u00e0 d\u2019autres entreprises partenaires qui partagent notre vision de la mise sur le march\u00e9 de produits nouveaux.","breadcrumb":{"@id":"https:\/\/www.nordicpharma.be\/fr\/partenariat\/#breadcrumb"},"inLanguage":"fr-FR","potentialAction":[{"@type":"ReadAction","target":["https:\/\/www.nordicpharma.be\/fr\/partenariat\/"]}]},{"@type":"BreadcrumbList","@id":"https:\/\/www.nordicpharma.be\/fr\/partenariat\/#breadcrumb","itemListElement":[{"@type":"ListItem","position":1,"name":"Home","item":"https:\/\/www.nordicpharma.be\/fr\/"},{"@type":"ListItem","position":2,"name":"Partenariat"}]},{"@type":"WebSite","@id":"https:\/\/www.nordicpharma.be\/#website","url":"https:\/\/www.nordicpharma.be\/","name":"Nordic Pharma Belgique","description":"Just another Nordic Pharma Sites site","publisher":{"@id":"https:\/\/www.nordicpharma.be\/#organization"},"potentialAction":[{"@type":"SearchAction","target":{"@type":"EntryPoint","urlTemplate":"https:\/\/www.nordicpharma.be\/?s={search_term_string}"},"query-input":{"@type":"PropertyValueSpecification","valueRequired":true,"valueName":"search_term_string"}}],"inLanguage":"fr-FR"},{"@type":"Organization","@id":"https:\/\/www.nordicpharma.be\/#organization","name":"Nordic Pharma Belgique","url":"https:\/\/www.nordicpharma.be\/","logo":{"@type":"ImageObject","inLanguage":"fr-FR","@id":"https:\/\/www.nordicpharma.be\/#\/schema\/logo\/image\/","url":"https:\/\/www.nordicpharma.be\/wp-content\/uploads\/sites\/20\/2021\/09\/light-pharma-1024x289-2.png","contentUrl":"https:\/\/www.nordicpharma.be\/wp-content\/uploads\/sites\/20\/2021\/09\/light-pharma-1024x289-2.png","width":1024,"height":289,"caption":"Nordic Pharma Belgique"},"image":{"@id":"https:\/\/www.nordicpharma.be\/#\/schema\/logo\/image\/"}}]}},"_links":{"self":[{"href":"https:\/\/www.nordicpharma.be\/fr\/wp-json\/wp\/v2\/pages\/304","targetHints":{"allow":["GET"]}}],"collection":[{"href":"https:\/\/www.nordicpharma.be\/fr\/wp-json\/wp\/v2\/pages"}],"about":[{"href":"https:\/\/www.nordicpharma.be\/fr\/wp-json\/wp\/v2\/types\/page"}],"author":[{"embeddable":true,"href":"https:\/\/www.nordicpharma.be\/fr\/wp-json\/wp\/v2\/users\/2"}],"replies":[{"embeddable":true,"href":"https:\/\/www.nordicpharma.be\/fr\/wp-json\/wp\/v2\/comments?post=304"}],"version-history":[{"count":0,"href":"https:\/\/www.nordicpharma.be\/fr\/wp-json\/wp\/v2\/pages\/304\/revisions"}],"wp:attachment":[{"href":"https:\/\/www.nordicpharma.be\/fr\/wp-json\/wp\/v2\/media?parent=304"}],"curies":[{"name":"wp","href":"https:\/\/api.w.org\/{rel}","templated":true}]}}