{"id":294,"date":"2021-09-22T13:33:38","date_gmt":"2021-09-22T13:33:38","guid":{"rendered":"https:\/\/www.nordicpharma.com\/disclaimer\/"},"modified":"2024-02-01T14:12:23","modified_gmt":"2024-02-01T14:12:23","slug":"mentions-legales","status":"publish","type":"page","link":"https:\/\/www.nordicpharma.be\/fr\/mentions-legales\/","title":{"rendered":"Mentions L\u00e9gales"},"content":{"rendered":"[spb_row element_name=&#8221;Row&#8221; wrap_type=&#8221;full-width-contained&#8221; row_bg_type=&#8221;image&#8221; color_row_height=&#8221;content-height&#8221; row_style=&#8221;light&#8221; bg_image=&#8221;795&#8243; bg_type=&#8221;pattern&#8221; parallax_image_height=&#8221;content-height&#8221; parallax_image_movement=&#8221;stellar&#8221; parallax_image_speed=&#8221;standard&#8221; bg_video_loop=&#8221;yes&#8221; parallax_video_height=&#8221;window-height&#8221; row_top_style=&#8221;none&#8221; row_bottom_style=&#8221;none&#8221; parallax_video_overlay=&#8221;none&#8221; row_overlay_opacity=&#8221;0&#8243; remove_element_spacing=&#8221;no&#8221; row_col_spacing=&#8221;0&#8243; row_col_pos=&#8221;default&#8221; row_col_equal_heights=&#8221;no&#8221; row_expanding=&#8221;no&#8221; row_animation=&#8221;none&#8221; row_animation_delay=&#8221;0&#8243; minimize_row=&#8221;no&#8221; simplified_controls=&#8221;yes&#8221; custom_css_percentage=&#8221;no&#8221; custom_css=&#8221;margin-top: 0px;margin-bottom: 0px;&#8221; border_styling_global=&#8221;default&#8221; el_class=&#8221;top-page&#8221; width=&#8221;1\/1&#8243; el_position=&#8221;first last&#8221;] [spb_text_block title=&#8221;Informations&#8221; animation=&#8221;none&#8221; animation_delay=&#8221;0&#8243; simplified_controls=&#8221;yes&#8221; custom_css_percentage=&#8221;no&#8221; padding_vertical=&#8221;0&#8243; padding_horizontal=&#8221;0&#8243; margin_vertical=&#8221;0&#8243; custom_css=&#8221;margin-top: 0px;margin-bottom: 0px;&#8221; border_size=&#8221;0&#8243; border_styling_global=&#8221;default&#8221; el_class=&#8221;page-title-container&#8221; width=&#8221;1\/1&#8243; el_position=&#8221;first last&#8221;]\n<p>Mentions L\u00e9gales<\/p>\n[\/spb_text_block] [\/spb_row] [spb_row element_name=&#8221;Row&#8221; wrap_type=&#8221;standard-width&#8221; row_bg_type=&#8221;color&#8221; color_row_height=&#8221;content-height&#8221; bg_type=&#8221;cover&#8221; parallax_image_height=&#8221;content-height&#8221; parallax_image_movement=&#8221;fixed&#8221; parallax_image_speed=&#8221;standard&#8221; bg_video_loop=&#8221;yes&#8221; parallax_video_height=&#8221;window-height&#8221; row_top_style=&#8221;none&#8221; row_bottom_style=&#8221;none&#8221; parallax_video_overlay=&#8221;none&#8221; row_overlay_opacity=&#8221;0&#8243; remove_element_spacing=&#8221;no&#8221; row_col_spacing=&#8221;0&#8243; row_col_pos=&#8221;default&#8221; row_col_equal_heights=&#8221;no&#8221; row_expanding=&#8221;no&#8221; row_animation=&#8221;none&#8221; row_animation_delay=&#8221;0&#8243; minimize_row=&#8221;no&#8221; simplified_controls=&#8221;no&#8221; custom_css_percentage=&#8221;no&#8221; custom_css=&#8221;margin-top: 0px;margin-bottom: 0px;padding-top: 100px;padding-bottom: 50px;&#8221; border_styling_global=&#8221;default&#8221; el_class=&#8221;container-center&#8221; width=&#8221;1\/1&#8243; el_position=&#8221;first last&#8221;] [spb_text_block title=&#8221;L\u2019\u00c9diteur&#8221; animation=&#8221;none&#8221; animation_delay=&#8221;0&#8243; simplified_controls=&#8221;yes&#8221; custom_css_percentage=&#8221;no&#8221; padding_vertical=&#8221;0&#8243; padding_horizontal=&#8221;0&#8243; margin_vertical=&#8221;0&#8243; custom_css=&#8221;margin-top: 0px;margin-bottom: 0px;&#8221; border_size=&#8221;0&#8243; border_styling_global=&#8221;default&#8221; el_class=&#8221;page-content&#8221; width=&#8221;1\/1&#8243; el_position=&#8221;first last&#8221;]\n<p class=\"page-desc\">Ce site web est g\u00e9r\u00e9 par Nordic Pharma S.A. L\u2019\u00e9diteur est Nordic Pharma S.A., Uitbreidingstraat 84\/3, 2600 Berchem Antwerpen.<\/p>\n[\/spb_text_block] [spb_blank_spacer height=&#8221;30px&#8221; width=&#8221;1\/1&#8243; el_position=&#8221;first last&#8221;] [spb_text_block title=&#8221;Contenu&#8221; animation=&#8221;none&#8221; animation_delay=&#8221;0&#8243; simplified_controls=&#8221;yes&#8221; custom_css_percentage=&#8221;no&#8221; padding_vertical=&#8221;0&#8243; padding_horizontal=&#8221;0&#8243; margin_vertical=&#8221;0&#8243; custom_css=&#8221;margin-top: 0px;margin-bottom: 0px;&#8221; border_size=&#8221;0&#8243; border_styling_global=&#8221;default&#8221; el_class=&#8221;page-content bullet-vert&#8221; width=&#8221;1\/1&#8243; el_position=&#8221;first last&#8221;]\n<p class=\"page-desc\">Bien que Nordic Pharma S.A. fasse le maximum pour diffuser des informations exactes et actualis\u00e9es, elle ne donne aucune garantie quant au contenu du site. De plus, Nordic Pharma S.A. n\u2019offre aucune garantie ni engagement concernant la pr\u00e9cision, la validit\u00e9, la pertinence ou l\u2019exhaustivit\u00e9 des informations fournies. Vous acceptez que l\u2019utilisation du site web et de son contenu soit sous votre propre responsabilit\u00e9. Ni Nordic Pharma S.A., ni aucune autre partie impliqu\u00e9e dans la cr\u00e9ation, la production ou la livraison de ce site n\u2019encourt de responsabilit\u00e9 et ne pourra \u00eatre poursuivie pour tout dommage ou virus qui pourrait endommager votre \u00e9quipement informatique ou du fait de l\u2019acc\u00e8s, utilisation ou navigation sur le site ou t\u00e9l\u00e9chargement de toute donn\u00e9e, information, texte, image ou son ou de toute erreur ou omission dans son contenu. Nordic Pharma S.A. se r\u00e9serve le droit d\u2019interrompre ou de suspendre tout ou partie des fonctionnalit\u00e9s du site.<\/p>\n[\/spb_text_block] [spb_blank_spacer height=&#8221;30px&#8221; width=&#8221;1\/1&#8243; el_position=&#8221;first last&#8221;] [spb_text_block title=&#8221;Informations m\u00e9dicales&#8221; animation=&#8221;none&#8221; animation_delay=&#8221;0&#8243; simplified_controls=&#8221;yes&#8221; custom_css_percentage=&#8221;no&#8221; padding_vertical=&#8221;0&#8243; padding_horizontal=&#8221;0&#8243; margin_vertical=&#8221;0&#8243; custom_css=&#8221;margin-top: 0px;margin-bottom: 0px;&#8221; border_size=&#8221;0&#8243; border_styling_global=&#8221;default&#8221; el_class=&#8221;page-content&#8221; width=&#8221;1\/1&#8243; el_position=&#8221;first last&#8221;]\n<p class=\"page-desc\">Ce site web peut contenir des informations g\u00e9n\u00e9rales faisant r\u00e9f\u00e9rence \u00e0 divers probl\u00e8mes m\u00e9dicaux et \u00e0 leur traitement. Ces informations sont pr\u00e9sent\u00e9es \u00e0 des fins exclusivement informatives et n\u2019ont nullement la pr\u00e9tention de remplacer les conseils prodigu\u00e9s par un m\u00e9decin ou tout autre professionnel qualifi\u00e9 des soins de sant\u00e9. Il n\u2019est pas conseill\u00e9 d\u2019utiliser les informations de ce site web pour \u00e9tablir vous-m\u00eame un diagnostic sur un probl\u00e8me li\u00e9 \u00e0 votre sant\u00e9 ou \u00e0 votre condition physique ou mentale ou \u00e0 une maladie. Pour cela, vous devez toujours consulter un m\u00e9decin ou un autre professionnel de la sant\u00e9.<\/p>\n[\/spb_text_block] [spb_blank_spacer height=&#8221;30px&#8221; width=&#8221;1\/1&#8243; el_position=&#8221;first last&#8221;] [spb_text_block title=&#8221;Copyright&#8221; animation=&#8221;none&#8221; animation_delay=&#8221;0&#8243; simplified_controls=&#8221;yes&#8221; custom_css_percentage=&#8221;no&#8221; padding_vertical=&#8221;0&#8243; padding_horizontal=&#8221;0&#8243; margin_vertical=&#8221;0&#8243; custom_css=&#8221;margin-top: 0px;margin-bottom: 0px;&#8221; border_size=&#8221;0&#8243; border_styling_global=&#8221;default&#8221; el_class=&#8221;page-content&#8221; width=&#8221;1\/1&#8243; el_position=&#8221;first last&#8221;]\n<p class=\"page-desc\">En ce qui concerne le contenu du site, Nordic Pharma S.A. est seul d\u00e9tenteur de tous les droits d\u2019utilisation. Il est interdit de reprendre les \u00e9l\u00e9ments publi\u00e9s sur ce site Internet et prot\u00e9g\u00e9s sans l\u2019autorisation \u00e9crite de Nordic Pharma S.A. Les sites de Nordic Pharma S.A. peuvent contenir ou r\u00e9f\u00e9rencer des marques d\u00e9pos\u00e9es, brevets, donn\u00e9es priv\u00e9es, technologies, produits, processus ou autres droits de Nordic Pharma S.A. et\/ou de tiers. Aucune licence ni droit portant sur l\u2019un quelconque de ceux-ci ou d\u2019autres droits ne vous sont accord\u00e9s.<\/p>\n[\/spb_text_block] [spb_blank_spacer height=&#8221;30px&#8221; width=&#8221;1\/1&#8243; el_position=&#8221;first last&#8221;] [spb_text_block title=&#8221;Sites web externes et liens vers des tiers&#8221; animation=&#8221;none&#8221; animation_delay=&#8221;0&#8243; simplified_controls=&#8221;yes&#8221; custom_css_percentage=&#8221;no&#8221; padding_vertical=&#8221;0&#8243; padding_horizontal=&#8221;0&#8243; margin_vertical=&#8221;0&#8243; custom_css=&#8221;margin-top: 0px;margin-bottom: 0px;&#8221; border_size=&#8221;0&#8243; border_styling_global=&#8221;default&#8221; el_class=&#8221;page-content&#8221; width=&#8221;1\/1&#8243; el_position=&#8221;first last&#8221;]\n<p class=\"page-desc\">Ce site web peut contenir des liens ou des r\u00e9f\u00e9rences vers d\u2019autres sites web. Nous ne sommes en aucun cas responsables du contenu des sites n\u2019appartenant pas \u00e0 Nordic Pharma S.A.<\/p>\n[\/spb_text_block] [spb_blank_spacer height=&#8221;30px&#8221; width=&#8221;1\/1&#8243; el_position=&#8221;first last&#8221;] [spb_text_block title=&#8221;Modifications&#8221; animation=&#8221;none&#8221; animation_delay=&#8221;0&#8243; simplified_controls=&#8221;yes&#8221; custom_css_percentage=&#8221;no&#8221; padding_vertical=&#8221;0&#8243; padding_horizontal=&#8221;0&#8243; margin_vertical=&#8221;0&#8243; custom_css=&#8221;margin-top: 0px;margin-bottom: 0px;&#8221; border_size=&#8221;0&#8243; border_styling_global=&#8221;default&#8221; el_class=&#8221;page-content&#8221; width=&#8221;1\/1&#8243; el_position=&#8221;first last&#8221;]\n<p class=\"page-desc\">Nordic Pharma S.A. se pr\u00e9serve le droit de modifier ou de supprimer le mat\u00e9riel de ce site web \u00e0 tout moment et sa guise.<\/p>\n[\/spb_text_block] [\/spb_row] [spb_row element_name=&#8221;Row&#8221; wrap_type=&#8221;full-width-contained&#8221; row_bg_type=&#8221;image&#8221; color_row_height=&#8221;content-height&#8221; bg_image=&#8221;87&#8243; bg_type=&#8221;cover&#8221; parallax_image_height=&#8221;content-height&#8221; parallax_image_movement=&#8221;fixed&#8221; parallax_image_speed=&#8221;standard&#8221; bg_video_loop=&#8221;yes&#8221; parallax_video_height=&#8221;window-height&#8221; row_top_style=&#8221;none&#8221; row_bottom_style=&#8221;none&#8221; parallax_video_overlay=&#8221;none&#8221; row_overlay_opacity=&#8221;0&#8243; remove_element_spacing=&#8221;no&#8221; row_col_spacing=&#8221;0&#8243; row_col_pos=&#8221;center&#8221; row_col_content_pos=&#8221;center&#8221; row_col_equal_heights=&#8221;no&#8221; row_expanding=&#8221;no&#8221; row_animation=&#8221;none&#8221; row_animation_delay=&#8221;0&#8243; minimize_row=&#8221;no&#8221; simplified_controls=&#8221;yes&#8221; custom_css_percentage=&#8221;no&#8221; custom_css=&#8221;margin-top: 0px;margin-bottom: 0px;&#8221; border_styling_global=&#8221;default&#8221; el_class=&#8221;cta-container&#8221; width=&#8221;1\/1&#8243; el_position=&#8221;first last&#8221;] [spb_text_block animation=&#8221;none&#8221; animation_delay=&#8221;0&#8243; simplified_controls=&#8221;yes&#8221; custom_css_percentage=&#8221;no&#8221; padding_vertical=&#8221;0&#8243; padding_horizontal=&#8221;0&#8243; margin_vertical=&#8221;0&#8243; custom_css=&#8221;margin-top: 0px;margin-bottom: 0px;&#8221; border_size=&#8221;0&#8243; border_styling_global=&#8221;default&#8221; el_class=&#8221;cta-title&#8221; width=&#8221;1\/1&#8243; el_position=&#8221;first last&#8221;]\n<p>Politique de Gestion des Cookies<\/p>\n[\/spb_text_block] [spb_button button_text=&#8221;En savoir plus&#8221; button_size=&#8221;standard&#8221; button_colour=&#8221;accent&#8221; button_type=&#8221;standard&#8221; rounded=&#8221;no&#8221; button_dropshadow=&#8221;no&#8221; button_link=&#8221;\/fr\/politique-de-gestion-des-cookies\/&#8221; button_target=&#8221;_self&#8221; align=&#8221;left&#8221; animation=&#8221;none&#8221; animation_delay=&#8221;0&#8243; el_class=&#8221;btnAbout&#8221; width=&#8221;1\/1&#8243; el_position=&#8221;first last&#8221;] [\/spb_row]\n","protected":false},"excerpt":{"rendered":"<p>[spb_row element_name=&#8221;Row&#8221; wrap_type=&#8221;full-width-contained&#8221; row_bg_type=&#8221;image&#8221; color_row_height=&#8221;content-height&#8221; row_style=&#8221;light&#8221; bg_image=&#8221;795&#8243; bg_type=&#8221;pattern&#8221; parallax_image_height=&#8221;content-height&#8221; parallax_image_movement=&#8221;stellar&#8221; parallax_image_speed=&#8221;standard&#8221; bg_video_loop=&#8221;yes&#8221; parallax_video_height=&#8221;window-height&#8221; row_top_style=&#8221;none&#8221; row_bottom_style=&#8221;none&#8221; parallax_video_overlay=&#8221;none&#8221; row_overlay_opacity=&#8221;0&#8243; remove_element_spacing=&#8221;no&#8221; row_col_spacing=&#8221;0&#8243; row_col_pos=&#8221;default&#8221; row_col_equal_heights=&#8221;no&#8221; row_expanding=&#8221;no&#8221; row_animation=&#8221;none&#8221; row_animation_delay=&#8221;0&#8243; minimize_row=&#8221;no&#8221; simplified_controls=&#8221;yes&#8221; custom_css_percentage=&#8221;no&#8221; custom_css=&#8221;margin-top: 0px;margin-bottom: 0px;&#8221; border_styling_global=&#8221;default&#8221; el_class=&#8221;top-page&#8221; width=&#8221;1\/1&#8243; el_position=&#8221;first last&#8221;] [spb_text_block title=&#8221;Informations&#8221; animation=&#8221;none&#8221; animation_delay=&#8221;0&#8243; simplified_controls=&#8221;yes&#8221; custom_css_percentage=&#8221;no&#8221; padding_vertical=&#8221;0&#8243; padding_horizontal=&#8221;0&#8243; margin_vertical=&#8221;0&#8243; custom_css=&#8221;margin-top: 0px;margin-bottom: 0px;&#8221; border_size=&#8221;0&#8243; border_styling_global=&#8221;default&#8221; el_class=&#8221;page-title-container&#8221; width=&#8221;1\/1&#8243; el_position=&#8221;first last&#8221;] Mentions L\u00e9gales [\/spb_text_block] [\/spb_row] [spb_row element_name=&#8221;Row&#8221; wrap_type=&#8221;standard-width&#8221; [&hellip;]<\/p>\n","protected":false},"author":2,"featured_media":0,"parent":0,"menu_order":0,"comment_status":"closed","ping_status":"closed","template":"","meta":{"_acf_changed":false,"footnotes":""},"class_list":["post-294","page","type-page","status-publish","hentry"],"acf":[],"yoast_head":"<!-- This site is optimized with the Yoast SEO plugin v27.4 - https:\/\/yoast.com\/product\/yoast-seo-wordpress\/ -->\n<title>Mentions L\u00e9gales - Nordic Pharma Belgique<\/title>\n<meta name=\"description\" content=\"Tout le contenu de ce site web est la propri\u00e9t\u00e9 de Nordic Pharma S.A. et est prot\u00e9g\u00e9 par les lois mondiales sur le droit d\u2019auteur.\" \/>\n<meta name=\"robots\" content=\"index, follow, max-snippet:-1, max-image-preview:large, max-video-preview:-1\" \/>\n<link rel=\"canonical\" href=\"https:\/\/www.nordicpharma.be\/disclaimer\/\" \/>\n<meta property=\"og:locale\" content=\"fr_FR\" \/>\n<meta property=\"og:type\" content=\"article\" \/>\n<meta property=\"og:title\" content=\"Mentions L\u00e9gales - Nordic Pharma Belgique\" \/>\n<meta property=\"og:description\" content=\"Tout le contenu de ce site web est la propri\u00e9t\u00e9 de Nordic Pharma S.A. et est prot\u00e9g\u00e9 par les lois mondiales sur le droit d\u2019auteur.\" \/>\n<meta property=\"og:url\" content=\"https:\/\/www.nordicpharma.be\/disclaimer\/\" \/>\n<meta property=\"og:site_name\" content=\"Nordic Pharma Belgique\" \/>\n<meta property=\"article:modified_time\" content=\"2024-02-01T14:12:23+00:00\" \/>\n<meta property=\"og:image\" content=\"https:\/\/www.nordicpharma.be\/wp-content\/uploads\/sites\/20\/2021\/11\/nordic-pharma-header-legal-notice-scaled.jpg\" \/>\n\t<meta property=\"og:image:width\" content=\"2560\" \/>\n\t<meta property=\"og:image:height\" content=\"1440\" \/>\n\t<meta property=\"og:image:type\" content=\"image\/jpeg\" \/>\n<meta name=\"twitter:card\" content=\"summary_large_image\" \/>\n<meta name=\"twitter:image\" content=\"https:\/\/www.nordicpharma.be\/wp-content\/uploads\/sites\/20\/2021\/11\/nordic-pharma-header-legal-notice-scaled.jpg\" \/>\n<meta name=\"twitter:label1\" content=\"Dur\u00e9e de lecture estim\u00e9e\" \/>\n\t<meta name=\"twitter:data1\" content=\"4 minutes\" \/>\n<script type=\"application\/ld+json\" class=\"yoast-schema-graph\">{\"@context\":\"https:\\\/\\\/schema.org\",\"@graph\":[{\"@type\":\"WebPage\",\"@id\":\"https:\\\/\\\/www.nordicpharma.be\\\/disclaimer\\\/\",\"url\":\"https:\\\/\\\/www.nordicpharma.be\\\/disclaimer\\\/\",\"name\":\"Mentions L\u00e9gales - Nordic Pharma Belgique\",\"isPartOf\":{\"@id\":\"https:\\\/\\\/www.nordicpharma.be\\\/#website\"},\"datePublished\":\"2021-09-22T13:33:38+00:00\",\"dateModified\":\"2024-02-01T14:12:23+00:00\",\"description\":\"Tout le contenu de ce site web est la propri\u00e9t\u00e9 de Nordic Pharma S.A. et est prot\u00e9g\u00e9 par les lois mondiales sur le droit d\u2019auteur.\",\"breadcrumb\":{\"@id\":\"https:\\\/\\\/www.nordicpharma.be\\\/disclaimer\\\/#breadcrumb\"},\"inLanguage\":\"fr-FR\",\"potentialAction\":[{\"@type\":\"ReadAction\",\"target\":[\"https:\\\/\\\/www.nordicpharma.be\\\/disclaimer\\\/\"]}]},{\"@type\":\"BreadcrumbList\",\"@id\":\"https:\\\/\\\/www.nordicpharma.be\\\/disclaimer\\\/#breadcrumb\",\"itemListElement\":[{\"@type\":\"ListItem\",\"position\":1,\"name\":\"Home\",\"item\":\"https:\\\/\\\/www.nordicpharma.be\\\/fr\\\/\"},{\"@type\":\"ListItem\",\"position\":2,\"name\":\"Mentions L\u00e9gales\"}]},{\"@type\":\"WebSite\",\"@id\":\"https:\\\/\\\/www.nordicpharma.be\\\/#website\",\"url\":\"https:\\\/\\\/www.nordicpharma.be\\\/\",\"name\":\"Nordic Pharma Belgique\",\"description\":\"Just another Nordic Pharma Sites site\",\"publisher\":{\"@id\":\"https:\\\/\\\/www.nordicpharma.be\\\/#organization\"},\"potentialAction\":[{\"@type\":\"SearchAction\",\"target\":{\"@type\":\"EntryPoint\",\"urlTemplate\":\"https:\\\/\\\/www.nordicpharma.be\\\/?s={search_term_string}\"},\"query-input\":{\"@type\":\"PropertyValueSpecification\",\"valueRequired\":true,\"valueName\":\"search_term_string\"}}],\"inLanguage\":\"fr-FR\"},{\"@type\":\"Organization\",\"@id\":\"https:\\\/\\\/www.nordicpharma.be\\\/#organization\",\"name\":\"Nordic Pharma Belgique\",\"url\":\"https:\\\/\\\/www.nordicpharma.be\\\/\",\"logo\":{\"@type\":\"ImageObject\",\"inLanguage\":\"fr-FR\",\"@id\":\"https:\\\/\\\/www.nordicpharma.be\\\/#\\\/schema\\\/logo\\\/image\\\/\",\"url\":\"https:\\\/\\\/www.nordicpharma.be\\\/wp-content\\\/uploads\\\/sites\\\/20\\\/2021\\\/09\\\/light-pharma-1024x289-2.png\",\"contentUrl\":\"https:\\\/\\\/www.nordicpharma.be\\\/wp-content\\\/uploads\\\/sites\\\/20\\\/2021\\\/09\\\/light-pharma-1024x289-2.png\",\"width\":1024,\"height\":289,\"caption\":\"Nordic Pharma Belgique\"},\"image\":{\"@id\":\"https:\\\/\\\/www.nordicpharma.be\\\/#\\\/schema\\\/logo\\\/image\\\/\"}}]}<\/script>\n<!-- \/ Yoast SEO plugin. -->","yoast_head_json":{"title":"Mentions L\u00e9gales - Nordic Pharma Belgique","description":"Tout le contenu de ce site web est la propri\u00e9t\u00e9 de Nordic Pharma S.A. et est prot\u00e9g\u00e9 par les lois mondiales sur le droit d\u2019auteur.","robots":{"index":"index","follow":"follow","max-snippet":"max-snippet:-1","max-image-preview":"max-image-preview:large","max-video-preview":"max-video-preview:-1"},"canonical":"https:\/\/www.nordicpharma.be\/disclaimer\/","og_locale":"fr_FR","og_type":"article","og_title":"Mentions L\u00e9gales - Nordic Pharma Belgique","og_description":"Tout le contenu de ce site web est la propri\u00e9t\u00e9 de Nordic Pharma S.A. et est prot\u00e9g\u00e9 par les lois mondiales sur le droit d\u2019auteur.","og_url":"https:\/\/www.nordicpharma.be\/disclaimer\/","og_site_name":"Nordic Pharma Belgique","article_modified_time":"2024-02-01T14:12:23+00:00","og_image":[{"width":2560,"height":1440,"url":"https:\/\/www.nordicpharma.be\/wp-content\/uploads\/sites\/20\/2021\/11\/nordic-pharma-header-legal-notice-scaled.jpg","type":"image\/jpeg"}],"twitter_card":"summary_large_image","twitter_image":"https:\/\/www.nordicpharma.be\/wp-content\/uploads\/sites\/20\/2021\/11\/nordic-pharma-header-legal-notice-scaled.jpg","twitter_misc":{"Dur\u00e9e de lecture estim\u00e9e":"4 minutes"},"schema":{"@context":"https:\/\/schema.org","@graph":[{"@type":"WebPage","@id":"https:\/\/www.nordicpharma.be\/disclaimer\/","url":"https:\/\/www.nordicpharma.be\/disclaimer\/","name":"Mentions L\u00e9gales - Nordic Pharma Belgique","isPartOf":{"@id":"https:\/\/www.nordicpharma.be\/#website"},"datePublished":"2021-09-22T13:33:38+00:00","dateModified":"2024-02-01T14:12:23+00:00","description":"Tout le contenu de ce site web est la propri\u00e9t\u00e9 de Nordic Pharma S.A. et est prot\u00e9g\u00e9 par les lois mondiales sur le droit d\u2019auteur.","breadcrumb":{"@id":"https:\/\/www.nordicpharma.be\/disclaimer\/#breadcrumb"},"inLanguage":"fr-FR","potentialAction":[{"@type":"ReadAction","target":["https:\/\/www.nordicpharma.be\/disclaimer\/"]}]},{"@type":"BreadcrumbList","@id":"https:\/\/www.nordicpharma.be\/disclaimer\/#breadcrumb","itemListElement":[{"@type":"ListItem","position":1,"name":"Home","item":"https:\/\/www.nordicpharma.be\/fr\/"},{"@type":"ListItem","position":2,"name":"Mentions L\u00e9gales"}]},{"@type":"WebSite","@id":"https:\/\/www.nordicpharma.be\/#website","url":"https:\/\/www.nordicpharma.be\/","name":"Nordic Pharma Belgique","description":"Just another Nordic Pharma Sites site","publisher":{"@id":"https:\/\/www.nordicpharma.be\/#organization"},"potentialAction":[{"@type":"SearchAction","target":{"@type":"EntryPoint","urlTemplate":"https:\/\/www.nordicpharma.be\/?s={search_term_string}"},"query-input":{"@type":"PropertyValueSpecification","valueRequired":true,"valueName":"search_term_string"}}],"inLanguage":"fr-FR"},{"@type":"Organization","@id":"https:\/\/www.nordicpharma.be\/#organization","name":"Nordic Pharma Belgique","url":"https:\/\/www.nordicpharma.be\/","logo":{"@type":"ImageObject","inLanguage":"fr-FR","@id":"https:\/\/www.nordicpharma.be\/#\/schema\/logo\/image\/","url":"https:\/\/www.nordicpharma.be\/wp-content\/uploads\/sites\/20\/2021\/09\/light-pharma-1024x289-2.png","contentUrl":"https:\/\/www.nordicpharma.be\/wp-content\/uploads\/sites\/20\/2021\/09\/light-pharma-1024x289-2.png","width":1024,"height":289,"caption":"Nordic Pharma Belgique"},"image":{"@id":"https:\/\/www.nordicpharma.be\/#\/schema\/logo\/image\/"}}]}},"_links":{"self":[{"href":"https:\/\/www.nordicpharma.be\/fr\/wp-json\/wp\/v2\/pages\/294","targetHints":{"allow":["GET"]}}],"collection":[{"href":"https:\/\/www.nordicpharma.be\/fr\/wp-json\/wp\/v2\/pages"}],"about":[{"href":"https:\/\/www.nordicpharma.be\/fr\/wp-json\/wp\/v2\/types\/page"}],"author":[{"embeddable":true,"href":"https:\/\/www.nordicpharma.be\/fr\/wp-json\/wp\/v2\/users\/2"}],"replies":[{"embeddable":true,"href":"https:\/\/www.nordicpharma.be\/fr\/wp-json\/wp\/v2\/comments?post=294"}],"version-history":[{"count":0,"href":"https:\/\/www.nordicpharma.be\/fr\/wp-json\/wp\/v2\/pages\/294\/revisions"}],"wp:attachment":[{"href":"https:\/\/www.nordicpharma.be\/fr\/wp-json\/wp\/v2\/media?parent=294"}],"curies":[{"name":"wp","href":"https:\/\/api.w.org\/{rel}","templated":true}]}}