{"id":293,"date":"2021-09-22T13:33:20","date_gmt":"2021-09-22T13:33:20","guid":{"rendered":"https:\/\/www.nordicpharma.com\/cookies-gebruik-en-instellingen\/"},"modified":"2023-11-21T12:07:41","modified_gmt":"2023-11-21T12:07:41","slug":"politique-de-gestion-des-cookies","status":"publish","type":"page","link":"https:\/\/www.nordicpharma.be\/fr\/politique-de-gestion-des-cookies\/","title":{"rendered":"Politique de Gestion des Cookies"},"content":{"rendered":"[spb_row element_name=&#8221;Row&#8221; wrap_type=&#8221;full-width-contained&#8221; row_bg_type=&#8221;image&#8221; color_row_height=&#8221;content-height&#8221; row_style=&#8221;light&#8221; bg_image=&#8221;87&#8243; bg_type=&#8221;pattern&#8221; parallax_image_height=&#8221;content-height&#8221; parallax_image_movement=&#8221;stellar&#8221; parallax_image_speed=&#8221;standard&#8221; bg_video_loop=&#8221;yes&#8221; parallax_video_height=&#8221;window-height&#8221; row_top_style=&#8221;none&#8221; row_bottom_style=&#8221;none&#8221; parallax_video_overlay=&#8221;none&#8221; row_overlay_opacity=&#8221;0&#8243; remove_element_spacing=&#8221;no&#8221; row_col_spacing=&#8221;0&#8243; row_col_pos=&#8221;default&#8221; row_col_equal_heights=&#8221;no&#8221; row_expanding=&#8221;no&#8221; row_animation=&#8221;none&#8221; row_animation_delay=&#8221;0&#8243; minimize_row=&#8221;no&#8221; simplified_controls=&#8221;yes&#8221; custom_css_percentage=&#8221;no&#8221; custom_css=&#8221;margin-top: 0px;margin-bottom: 0px;&#8221; border_styling_global=&#8221;default&#8221; el_class=&#8221;top-page&#8221; width=&#8221;1\/1&#8243; el_position=&#8221;first last&#8221;] [spb_text_block title=&#8221;Informations&#8221; animation=&#8221;none&#8221; animation_delay=&#8221;0&#8243; simplified_controls=&#8221;yes&#8221; custom_css_percentage=&#8221;no&#8221; padding_vertical=&#8221;0&#8243; padding_horizontal=&#8221;0&#8243; margin_vertical=&#8221;0&#8243; custom_css=&#8221;margin-top: 0px;margin-bottom: 0px;&#8221; border_size=&#8221;0&#8243; border_styling_global=&#8221;default&#8221; el_class=&#8221;page-title-container&#8221; width=&#8221;1\/1&#8243; el_position=&#8221;first last&#8221;]\n<p>Politique de Gestion des Cookies<\/p>\n[\/spb_text_block] [\/spb_row] [spb_row element_name=&#8221;Row&#8221; wrap_type=&#8221;standard-width&#8221; row_bg_type=&#8221;color&#8221; color_row_height=&#8221;content-height&#8221; bg_type=&#8221;cover&#8221; parallax_image_height=&#8221;content-height&#8221; parallax_image_movement=&#8221;fixed&#8221; parallax_image_speed=&#8221;standard&#8221; bg_video_loop=&#8221;yes&#8221; parallax_video_height=&#8221;window-height&#8221; row_top_style=&#8221;none&#8221; row_bottom_style=&#8221;none&#8221; parallax_video_overlay=&#8221;none&#8221; row_overlay_opacity=&#8221;0&#8243; remove_element_spacing=&#8221;no&#8221; row_col_spacing=&#8221;0&#8243; row_col_pos=&#8221;default&#8221; row_col_equal_heights=&#8221;no&#8221; row_expanding=&#8221;no&#8221; row_animation=&#8221;none&#8221; row_animation_delay=&#8221;0&#8243; minimize_row=&#8221;no&#8221; simplified_controls=&#8221;no&#8221; custom_css_percentage=&#8221;no&#8221; custom_css=&#8221;margin-top: 0px;margin-bottom: 0px;padding-top: 100px;&#8221; border_styling_global=&#8221;default&#8221; el_class=&#8221;container-center&#8221; width=&#8221;1\/1&#8243; el_position=&#8221;first last&#8221;] [spb_text_block animation=&#8221;none&#8221; animation_delay=&#8221;0&#8243; simplified_controls=&#8221;yes&#8221; custom_css_percentage=&#8221;no&#8221; padding_vertical=&#8221;0&#8243; padding_horizontal=&#8221;0&#8243; margin_vertical=&#8221;0&#8243; custom_css=&#8221;margin-top: 0px;margin-bottom: 0px;&#8221; border_size=&#8221;0&#8243; border_styling_global=&#8221;default&#8221; el_class=&#8221;page-content bullet-vert&#8221; width=&#8221;1\/1&#8243; el_position=&#8221;first last&#8221;]\n<p class=\"page-desc\"><strong>Que sont les cookies?<\/strong><\/p>\n<p class=\"page-desc\">Un cookie est un petit fichier texte plac\u00e9, avec votre consentement explicite ou implicite, sur le disque dur de votre ordinateur, tablette ou smartphone lorsque vous naviguez sur notre site web \u00e0 l\u2019aide de votre navigateur web.<\/p>\n<p>Le contenu d\u2019un cookie se compose en g\u00e9n\u00e9ral du nom du serveur qui a plac\u00e9 le cookie, d\u2019une date d\u2019expiration et d\u2019un code chiffr\u00e9 unique.<\/p>\n<p class=\"page-desc\">En continuant \u00e0 utiliser ce site, vous consentez \u00e0 la mise en place de cookies. Ceux-ci sont stock\u00e9s temporairement dans un espace d\u00e9di\u00e9 de votre terminal.<\/p>\n<p class=\"page-desc\">Vous pouvez \u00e0 tout moment accepter, supprimer ou limiter le stockage de ces fichiers dans les param\u00e8tres de votre navigateur web.<\/p>\n[\/spb_text_block] [spb_blank_spacer height=&#8221;30px&#8221; width=&#8221;1\/1&#8243; el_position=&#8221;first last&#8221;] [spb_text_block animation=&#8221;none&#8221; animation_delay=&#8221;0&#8243; simplified_controls=&#8221;yes&#8221; custom_css_percentage=&#8221;no&#8221; padding_vertical=&#8221;0&#8243; padding_horizontal=&#8221;0&#8243; margin_vertical=&#8221;0&#8243; custom_css=&#8221;margin-top: 0px;margin-bottom: 0px;&#8221; border_size=&#8221;0&#8243; border_styling_global=&#8221;default&#8221; el_class=&#8221;page-content&#8221; width=&#8221;1\/1&#8243; el_position=&#8221;first last&#8221;]\n<p class=\"page-desc\"><strong>Pourquoi utilisons-nous des cookies d\u2019analyse d\u2019audience?<\/strong><\/p>\n<p class=\"page-desc\">Les cookies d\u2019analyse d\u2019audience nous permettent de conna\u00eetre l\u2019utilisation et les performances de notre site web, d\u2019\u00e9tablir des statistiques anonymes, des volumes de fr\u00e9quentation et d\u2019utilisation des divers \u00e9l\u00e9ments de notre site (contenu visit\u00e9, route) en vue d\u2019am\u00e9liorer l\u2019int\u00e9r\u00eat et l\u2019ergonomie de nos services (les pages ou les rubriques les plus souvent consult\u00e9es, les articles les plus lus\u2026).<\/p>\n<p class=\"page-desc\">Ces cookies sont plac\u00e9s par le propri\u00e9taire du site web. Les donn\u00e9es anonymes collect\u00e9es sont uniquement consult\u00e9es et analys\u00e9es par le propri\u00e9taire du site web.<\/p>\n<p class=\"page-desc\">Les cookies d\u2019analyse d\u2019audience ne sont pas indispensables afin de pouvoir naviguer sur ce site.<\/p>\n[\/spb_text_block] [spb_blank_spacer height=&#8221;30px&#8221; width=&#8221;1\/1&#8243; el_position=&#8221;first last&#8221;] [spb_text_block animation=&#8221;none&#8221; animation_delay=&#8221;0&#8243; simplified_controls=&#8221;yes&#8221; custom_css_percentage=&#8221;no&#8221; padding_vertical=&#8221;0&#8243; padding_horizontal=&#8221;0&#8243; margin_vertical=&#8221;0&#8243; custom_css=&#8221;margin-top: 0px;margin-bottom: 0px;&#8221; border_size=&#8221;0&#8243; border_styling_global=&#8221;default&#8221; el_class=&#8221;page-content&#8221; width=&#8221;1\/1&#8243; el_position=&#8221;first last&#8221;]\n<p class=\"page-desc\"><strong>Comment \u00e9viter l\u2019utilisation des cookies?<br \/>\n<\/strong><\/p>\n<p class=\"page-desc\">Le stockage des cookies sur votre terminal ou l\u2019acc\u00e8s aux donn\u00e9es de navigations dans ou li\u00e9es \u00e0 ces fichiers est soumis \u00e0 votre consentement pr\u00e9alable ou \u00e0 l\u2019absence de toute opposition.<\/p>\n<p class=\"page-desc\">Si vous avez accept\u00e9 le placement d\u2019un cookie sur votre terminal, il vous est \u00e0 tout moment possible de le refuser en modifiant les param\u00e8tres de votre navigateur.<\/p>\n<p class=\"page-desc\">Afin de limiter ou d\u2019\u00e9viter le stockage de cookies sur votre terminal, modifiez les param\u00e8tres du navigateur utilis\u00e9:<\/p>\n<ul>\n<li>Firefox : <a href=\"https:\/\/support.mozilla.org\/en-US\/kb\/enable-and-disable-cookies-website-preferences\" target=\"_blank\" rel=\"noopener\">https:\/\/support.mozilla.org\/en-US\/kb\/enable-and-disable-cookies-website-preferences<\/a><\/li>\n<li>IE : <a href=\"https:\/\/support.microsoft.com\/en-us\/help\/17442\/windows-internet-explorer-delete-manage-cookies\" target=\"_blank\" rel=\"noopener\">https:\/\/support.microsoft.com\/en-us\/help\/17442\/windows-internet-explorer-delete-manage-cookies<\/a><\/li>\n<li>Chrome : <a href=\"https:\/\/support.google.com\/chrome\/answer\/95647?co=GENIE.Platform%3DDesktop&amp;hl=en\" target=\"_blank\" rel=\"noopener\">https:\/\/support.google.com\/chrome\/answer\/95647?co=GENIE.Platform%3DDesktop&amp;hl=en<\/a><\/li>\n<li>Safari : <a href=\"https:\/\/support.apple.com\/kb\/PH21411?locale=fr_FR&amp;viewlocale=en_US\" target=\"_blank\" rel=\"noopener\">https:\/\/support.apple.com\/kb\/PH21411?locale=fr_FR&amp;viewlocale=en_US<\/a><\/li>\n<li>Opera : <a href=\"http:\/\/www.opera.com\/help\/tutorials\/security\/cookies\/\" target=\"_blank\" rel=\"noopener\">http:\/\/www.opera.com\/help\/tutorials\/security\/cookies\/<\/a><\/li>\n<\/ul>\n<p>&nbsp;<\/p>\n<p class=\"page-desc\">Si votre navigateur n\u2019est pas repris dans cette liste, veuillez visiter le site web du fabricant du navigateur.<\/p>\n[\/spb_text_block] [\/spb_row] [spb_row element_name=&#8221;Row&#8221; wrap_type=&#8221;full-width-contained&#8221; row_bg_type=&#8221;image&#8221; color_row_height=&#8221;content-height&#8221; bg_image=&#8221;795&#8243; bg_type=&#8221;cover&#8221; parallax_image_height=&#8221;content-height&#8221; parallax_image_movement=&#8221;fixed&#8221; parallax_image_speed=&#8221;standard&#8221; bg_video_loop=&#8221;yes&#8221; parallax_video_height=&#8221;window-height&#8221; row_top_style=&#8221;none&#8221; row_bottom_style=&#8221;none&#8221; parallax_video_overlay=&#8221;none&#8221; row_overlay_opacity=&#8221;0&#8243; remove_element_spacing=&#8221;no&#8221; row_col_spacing=&#8221;0&#8243; row_col_pos=&#8221;center&#8221; row_col_content_pos=&#8221;center&#8221; row_col_equal_heights=&#8221;no&#8221; row_expanding=&#8221;no&#8221; row_animation=&#8221;none&#8221; row_animation_delay=&#8221;0&#8243; minimize_row=&#8221;no&#8221; simplified_controls=&#8221;yes&#8221; custom_css_percentage=&#8221;no&#8221; custom_css=&#8221;margin-top: 0px;margin-bottom: 0px;&#8221; border_styling_global=&#8221;default&#8221; el_class=&#8221;cta-container&#8221; width=&#8221;1\/1&#8243; el_position=&#8221;first last&#8221;] [spb_text_block animation=&#8221;none&#8221; animation_delay=&#8221;0&#8243; simplified_controls=&#8221;yes&#8221; custom_css_percentage=&#8221;no&#8221; padding_vertical=&#8221;0&#8243; padding_horizontal=&#8221;0&#8243; margin_vertical=&#8221;0&#8243; custom_css=&#8221;margin-top: 0px;margin-bottom: 0px;&#8221; border_size=&#8221;0&#8243; border_styling_global=&#8221;default&#8221; el_class=&#8221;cta-title&#8221; width=&#8221;1\/1&#8243; el_position=&#8221;first last&#8221;]\n<p>Mentions L\u00e9gales<\/p>\n[\/spb_text_block] [spb_button button_text=&#8221;En savoir plus&#8221; button_size=&#8221;standard&#8221; button_colour=&#8221;accent&#8221; button_type=&#8221;standard&#8221; rounded=&#8221;no&#8221; button_dropshadow=&#8221;no&#8221; button_link=&#8221;\/fr\/mentions-legales\/&#8221; button_target=&#8221;_self&#8221; align=&#8221;left&#8221; animation=&#8221;none&#8221; animation_delay=&#8221;0&#8243; el_class=&#8221;btnAbout&#8221; width=&#8221;1\/1&#8243; el_position=&#8221;first last&#8221;] [\/spb_row]\n","protected":false},"excerpt":{"rendered":"<p>[spb_row element_name=&#8221;Row&#8221; wrap_type=&#8221;full-width-contained&#8221; row_bg_type=&#8221;image&#8221; color_row_height=&#8221;content-height&#8221; row_style=&#8221;light&#8221; bg_image=&#8221;87&#8243; bg_type=&#8221;pattern&#8221; parallax_image_height=&#8221;content-height&#8221; parallax_image_movement=&#8221;stellar&#8221; parallax_image_speed=&#8221;standard&#8221; bg_video_loop=&#8221;yes&#8221; parallax_video_height=&#8221;window-height&#8221; row_top_style=&#8221;none&#8221; row_bottom_style=&#8221;none&#8221; parallax_video_overlay=&#8221;none&#8221; row_overlay_opacity=&#8221;0&#8243; remove_element_spacing=&#8221;no&#8221; row_col_spacing=&#8221;0&#8243; row_col_pos=&#8221;default&#8221; row_col_equal_heights=&#8221;no&#8221; row_expanding=&#8221;no&#8221; row_animation=&#8221;none&#8221; row_animation_delay=&#8221;0&#8243; minimize_row=&#8221;no&#8221; simplified_controls=&#8221;yes&#8221; custom_css_percentage=&#8221;no&#8221; custom_css=&#8221;margin-top: 0px;margin-bottom: 0px;&#8221; border_styling_global=&#8221;default&#8221; el_class=&#8221;top-page&#8221; width=&#8221;1\/1&#8243; el_position=&#8221;first last&#8221;] [spb_text_block title=&#8221;Informations&#8221; animation=&#8221;none&#8221; animation_delay=&#8221;0&#8243; simplified_controls=&#8221;yes&#8221; custom_css_percentage=&#8221;no&#8221; padding_vertical=&#8221;0&#8243; padding_horizontal=&#8221;0&#8243; margin_vertical=&#8221;0&#8243; custom_css=&#8221;margin-top: 0px;margin-bottom: 0px;&#8221; border_size=&#8221;0&#8243; border_styling_global=&#8221;default&#8221; el_class=&#8221;page-title-container&#8221; width=&#8221;1\/1&#8243; el_position=&#8221;first last&#8221;] Politique de Gestion des Cookies [\/spb_text_block] [\/spb_row] [&hellip;]<\/p>\n","protected":false},"author":2,"featured_media":0,"parent":0,"menu_order":0,"comment_status":"closed","ping_status":"closed","template":"","meta":{"_acf_changed":false,"footnotes":""},"class_list":["post-293","page","type-page","status-publish","hentry"],"acf":[],"yoast_head":"<!-- This site is optimized with the Yoast SEO plugin v27.4 - https:\/\/yoast.com\/product\/yoast-seo-wordpress\/ -->\n<title>Politique de Gestion des Cookies - Nordic Pharma Belgique<\/title>\n<meta name=\"description\" content=\"Les sites web, les services en ligne et les publicit\u00e9s de Nordic Pharma peuvent utiliser des cookies.\" \/>\n<meta name=\"robots\" content=\"index, follow, max-snippet:-1, max-image-preview:large, max-video-preview:-1\" \/>\n<link rel=\"canonical\" href=\"https:\/\/www.nordicpharma.be\/cookies-gebruik-en-instellingen\/\" \/>\n<meta property=\"og:locale\" content=\"fr_FR\" \/>\n<meta property=\"og:type\" content=\"article\" \/>\n<meta property=\"og:title\" content=\"Politique de Gestion des Cookies - Nordic Pharma Belgique\" \/>\n<meta property=\"og:description\" content=\"Les sites web, les services en ligne et les publicit\u00e9s de Nordic Pharma peuvent utiliser des cookies.\" \/>\n<meta property=\"og:url\" content=\"https:\/\/www.nordicpharma.be\/cookies-gebruik-en-instellingen\/\" \/>\n<meta property=\"og:site_name\" content=\"Nordic Pharma Belgique\" \/>\n<meta property=\"article:modified_time\" content=\"2023-11-21T12:07:41+00:00\" \/>\n<meta property=\"og:image\" content=\"https:\/\/www.nordicpharma.be\/wp-content\/uploads\/sites\/20\/2021\/12\/nordic-pharma-header-using-and-settings-for-cookies-scaled-1.jpg\" \/>\n\t<meta property=\"og:image:width\" content=\"2560\" \/>\n\t<meta property=\"og:image:height\" content=\"1405\" \/>\n\t<meta property=\"og:image:type\" content=\"image\/jpeg\" \/>\n<meta name=\"twitter:card\" content=\"summary_large_image\" \/>\n<meta name=\"twitter:image\" content=\"https:\/\/www.nordicpharma.be\/wp-content\/uploads\/sites\/20\/2021\/12\/nordic-pharma-header-using-and-settings-for-cookies-scaled-1.jpg\" \/>\n<meta name=\"twitter:label1\" content=\"Dur\u00e9e de lecture estim\u00e9e\" \/>\n\t<meta name=\"twitter:data1\" content=\"3 minutes\" \/>\n<script type=\"application\/ld+json\" class=\"yoast-schema-graph\">{\"@context\":\"https:\\\/\\\/schema.org\",\"@graph\":[{\"@type\":\"WebPage\",\"@id\":\"https:\\\/\\\/www.nordicpharma.be\\\/cookies-gebruik-en-instellingen\\\/\",\"url\":\"https:\\\/\\\/www.nordicpharma.be\\\/cookies-gebruik-en-instellingen\\\/\",\"name\":\"Politique de Gestion des Cookies - Nordic Pharma Belgique\",\"isPartOf\":{\"@id\":\"https:\\\/\\\/www.nordicpharma.be\\\/#website\"},\"datePublished\":\"2021-09-22T13:33:20+00:00\",\"dateModified\":\"2023-11-21T12:07:41+00:00\",\"description\":\"Les sites web, les services en ligne et les publicit\u00e9s de Nordic Pharma peuvent utiliser des cookies.\",\"breadcrumb\":{\"@id\":\"https:\\\/\\\/www.nordicpharma.be\\\/cookies-gebruik-en-instellingen\\\/#breadcrumb\"},\"inLanguage\":\"fr-FR\",\"potentialAction\":[{\"@type\":\"ReadAction\",\"target\":[\"https:\\\/\\\/www.nordicpharma.be\\\/cookies-gebruik-en-instellingen\\\/\"]}]},{\"@type\":\"BreadcrumbList\",\"@id\":\"https:\\\/\\\/www.nordicpharma.be\\\/cookies-gebruik-en-instellingen\\\/#breadcrumb\",\"itemListElement\":[{\"@type\":\"ListItem\",\"position\":1,\"name\":\"Home\",\"item\":\"https:\\\/\\\/www.nordicpharma.be\\\/fr\\\/\"},{\"@type\":\"ListItem\",\"position\":2,\"name\":\"Politique de Gestion des Cookies\"}]},{\"@type\":\"WebSite\",\"@id\":\"https:\\\/\\\/www.nordicpharma.be\\\/#website\",\"url\":\"https:\\\/\\\/www.nordicpharma.be\\\/\",\"name\":\"Nordic Pharma Belgique\",\"description\":\"Just another Nordic Pharma Sites site\",\"publisher\":{\"@id\":\"https:\\\/\\\/www.nordicpharma.be\\\/#organization\"},\"potentialAction\":[{\"@type\":\"SearchAction\",\"target\":{\"@type\":\"EntryPoint\",\"urlTemplate\":\"https:\\\/\\\/www.nordicpharma.be\\\/?s={search_term_string}\"},\"query-input\":{\"@type\":\"PropertyValueSpecification\",\"valueRequired\":true,\"valueName\":\"search_term_string\"}}],\"inLanguage\":\"fr-FR\"},{\"@type\":\"Organization\",\"@id\":\"https:\\\/\\\/www.nordicpharma.be\\\/#organization\",\"name\":\"Nordic Pharma Belgique\",\"url\":\"https:\\\/\\\/www.nordicpharma.be\\\/\",\"logo\":{\"@type\":\"ImageObject\",\"inLanguage\":\"fr-FR\",\"@id\":\"https:\\\/\\\/www.nordicpharma.be\\\/#\\\/schema\\\/logo\\\/image\\\/\",\"url\":\"https:\\\/\\\/www.nordicpharma.be\\\/wp-content\\\/uploads\\\/sites\\\/20\\\/2021\\\/09\\\/light-pharma-1024x289-2.png\",\"contentUrl\":\"https:\\\/\\\/www.nordicpharma.be\\\/wp-content\\\/uploads\\\/sites\\\/20\\\/2021\\\/09\\\/light-pharma-1024x289-2.png\",\"width\":1024,\"height\":289,\"caption\":\"Nordic Pharma Belgique\"},\"image\":{\"@id\":\"https:\\\/\\\/www.nordicpharma.be\\\/#\\\/schema\\\/logo\\\/image\\\/\"}}]}<\/script>\n<!-- \/ Yoast SEO plugin. -->","yoast_head_json":{"title":"Politique de Gestion des Cookies - Nordic Pharma Belgique","description":"Les sites web, les services en ligne et les publicit\u00e9s de Nordic Pharma peuvent utiliser des cookies.","robots":{"index":"index","follow":"follow","max-snippet":"max-snippet:-1","max-image-preview":"max-image-preview:large","max-video-preview":"max-video-preview:-1"},"canonical":"https:\/\/www.nordicpharma.be\/cookies-gebruik-en-instellingen\/","og_locale":"fr_FR","og_type":"article","og_title":"Politique de Gestion des Cookies - Nordic Pharma Belgique","og_description":"Les sites web, les services en ligne et les publicit\u00e9s de Nordic Pharma peuvent utiliser des cookies.","og_url":"https:\/\/www.nordicpharma.be\/cookies-gebruik-en-instellingen\/","og_site_name":"Nordic Pharma Belgique","article_modified_time":"2023-11-21T12:07:41+00:00","og_image":[{"width":2560,"height":1405,"url":"https:\/\/www.nordicpharma.be\/wp-content\/uploads\/sites\/20\/2021\/12\/nordic-pharma-header-using-and-settings-for-cookies-scaled-1.jpg","type":"image\/jpeg"}],"twitter_card":"summary_large_image","twitter_image":"https:\/\/www.nordicpharma.be\/wp-content\/uploads\/sites\/20\/2021\/12\/nordic-pharma-header-using-and-settings-for-cookies-scaled-1.jpg","twitter_misc":{"Dur\u00e9e de lecture estim\u00e9e":"3 minutes"},"schema":{"@context":"https:\/\/schema.org","@graph":[{"@type":"WebPage","@id":"https:\/\/www.nordicpharma.be\/cookies-gebruik-en-instellingen\/","url":"https:\/\/www.nordicpharma.be\/cookies-gebruik-en-instellingen\/","name":"Politique de Gestion des Cookies - Nordic Pharma Belgique","isPartOf":{"@id":"https:\/\/www.nordicpharma.be\/#website"},"datePublished":"2021-09-22T13:33:20+00:00","dateModified":"2023-11-21T12:07:41+00:00","description":"Les sites web, les services en ligne et les publicit\u00e9s de Nordic Pharma peuvent utiliser des cookies.","breadcrumb":{"@id":"https:\/\/www.nordicpharma.be\/cookies-gebruik-en-instellingen\/#breadcrumb"},"inLanguage":"fr-FR","potentialAction":[{"@type":"ReadAction","target":["https:\/\/www.nordicpharma.be\/cookies-gebruik-en-instellingen\/"]}]},{"@type":"BreadcrumbList","@id":"https:\/\/www.nordicpharma.be\/cookies-gebruik-en-instellingen\/#breadcrumb","itemListElement":[{"@type":"ListItem","position":1,"name":"Home","item":"https:\/\/www.nordicpharma.be\/fr\/"},{"@type":"ListItem","position":2,"name":"Politique de Gestion des Cookies"}]},{"@type":"WebSite","@id":"https:\/\/www.nordicpharma.be\/#website","url":"https:\/\/www.nordicpharma.be\/","name":"Nordic Pharma Belgique","description":"Just another Nordic Pharma Sites site","publisher":{"@id":"https:\/\/www.nordicpharma.be\/#organization"},"potentialAction":[{"@type":"SearchAction","target":{"@type":"EntryPoint","urlTemplate":"https:\/\/www.nordicpharma.be\/?s={search_term_string}"},"query-input":{"@type":"PropertyValueSpecification","valueRequired":true,"valueName":"search_term_string"}}],"inLanguage":"fr-FR"},{"@type":"Organization","@id":"https:\/\/www.nordicpharma.be\/#organization","name":"Nordic Pharma Belgique","url":"https:\/\/www.nordicpharma.be\/","logo":{"@type":"ImageObject","inLanguage":"fr-FR","@id":"https:\/\/www.nordicpharma.be\/#\/schema\/logo\/image\/","url":"https:\/\/www.nordicpharma.be\/wp-content\/uploads\/sites\/20\/2021\/09\/light-pharma-1024x289-2.png","contentUrl":"https:\/\/www.nordicpharma.be\/wp-content\/uploads\/sites\/20\/2021\/09\/light-pharma-1024x289-2.png","width":1024,"height":289,"caption":"Nordic Pharma Belgique"},"image":{"@id":"https:\/\/www.nordicpharma.be\/#\/schema\/logo\/image\/"}}]}},"_links":{"self":[{"href":"https:\/\/www.nordicpharma.be\/fr\/wp-json\/wp\/v2\/pages\/293","targetHints":{"allow":["GET"]}}],"collection":[{"href":"https:\/\/www.nordicpharma.be\/fr\/wp-json\/wp\/v2\/pages"}],"about":[{"href":"https:\/\/www.nordicpharma.be\/fr\/wp-json\/wp\/v2\/types\/page"}],"author":[{"embeddable":true,"href":"https:\/\/www.nordicpharma.be\/fr\/wp-json\/wp\/v2\/users\/2"}],"replies":[{"embeddable":true,"href":"https:\/\/www.nordicpharma.be\/fr\/wp-json\/wp\/v2\/comments?post=293"}],"version-history":[{"count":0,"href":"https:\/\/www.nordicpharma.be\/fr\/wp-json\/wp\/v2\/pages\/293\/revisions"}],"wp:attachment":[{"href":"https:\/\/www.nordicpharma.be\/fr\/wp-json\/wp\/v2\/media?parent=293"}],"curies":[{"name":"wp","href":"https:\/\/api.w.org\/{rel}","templated":true}]}}